{"id":21,"date":"2020-09-29T22:34:26","date_gmt":"2020-09-29T20:34:26","guid":{"rendered":"http:\/\/fhprojekte.de\/?page_id=21"},"modified":"2020-11-04T20:50:13","modified_gmt":"2020-11-04T19:50:13","slug":"leistungen","status":"publish","type":"page","link":"http:\/\/fhprojekte.de\/?page_id=21","title":{"rendered":"Leistungen"},"content":{"rendered":"[vc_row type=&#8220;in_container&#8220; full_screen_row_position=&#8220;middle&#8220; column_margin=&#8220;default&#8220; column_direction=&#8220;default&#8220; column_direction_tablet=&#8220;default&#8220; column_direction_phone=&#8220;default&#8220; scene_position=&#8220;center&#8220; text_color=&#8220;dark&#8220; text_align=&#8220;left&#8220; row_border_radius=&#8220;none&#8220; row_border_radius_applies=&#8220;bg&#8220; overlay_strength=&#8220;0.3&#8243; gradient_direction=&#8220;left_to_right&#8220; shape_divider_position=&#8220;bottom&#8220; bg_image_animation=&#8220;none&#8220;][vc_column column_padding=&#8220;no-extra-padding&#8220; column_padding_tablet=&#8220;inherit&#8220; column_padding_phone=&#8220;inherit&#8220; column_padding_position=&#8220;all&#8220; background_color_opacity=&#8220;1&#8243; background_hover_color_opacity=&#8220;1&#8243; column_shadow=&#8220;none&#8220; column_border_radius=&#8220;none&#8220; column_link_target=&#8220;_self&#8220; gradient_direction=&#8220;left_to_right&#8220; overlay_strength=&#8220;0.3&#8243; width=&#8220;1\/1&#8243; tablet_width_inherit=&#8220;default&#8220; tablet_text_alignment=&#8220;default&#8220; phone_text_alignment=&#8220;default&#8220; column_border_width=&#8220;none&#8220; column_border_style=&#8220;solid&#8220; bg_image_animation=&#8220;none&#8220;][image_with_animation image_url=&#8220;305&#8243; animation=&#8220;Fade In&#8220; hover_animation=&#8220;none&#8220; alignment=&#8220;center&#8220; border_radius=&#8220;none&#8220; box_shadow=&#8220;none&#8220; image_loading=&#8220;default&#8220; max_width=&#8220;100%&#8220; max_width_mobile=&#8220;default&#8220;][divider line_type=&#8220;No Line&#8220;][\/vc_column][\/vc_row][vc_row type=&#8220;in_container&#8220; full_screen_row_position=&#8220;middle&#8220; column_margin=&#8220;default&#8220; column_direction=&#8220;default&#8220; column_direction_tablet=&#8220;default&#8220; column_direction_phone=&#8220;default&#8220; scene_position=&#8220;center&#8220; text_color=&#8220;dark&#8220; text_align=&#8220;left&#8220; row_border_radius=&#8220;none&#8220; row_border_radius_applies=&#8220;bg&#8220; overlay_strength=&#8220;0.3&#8243; gradient_direction=&#8220;left_to_right&#8220; shape_divider_position=&#8220;bottom&#8220; bg_image_animation=&#8220;none&#8220;][vc_column column_padding=&#8220;no-extra-padding&#8220; column_padding_tablet=&#8220;inherit&#8220; column_padding_phone=&#8220;inherit&#8220; column_padding_position=&#8220;all&#8220; background_color_opacity=&#8220;1&#8243; background_hover_color_opacity=&#8220;1&#8243; column_shadow=&#8220;none&#8220; column_border_radius=&#8220;none&#8220; column_link_target=&#8220;_self&#8220; gradient_direction=&#8220;left_to_right&#8220; overlay_strength=&#8220;0.3&#8243; width=&#8220;1\/1&#8243; tablet_width_inherit=&#8220;default&#8220; tablet_text_alignment=&#8220;default&#8220; phone_text_alignment=&#8220;default&#8220; column_border_width=&#8220;none&#8220; column_border_style=&#8220;solid&#8220; bg_image_animation=&#8220;none&#8220;][vc_column_text]\n<h2><span class=\"s1\">Das k\u00f6nnen sie erwarten<\/span><\/h2>\n[\/vc_column_text][\/vc_column][\/vc_row][vc_row type=&#8220;in_container&#8220; full_screen_row_position=&#8220;middle&#8220; column_margin=&#8220;default&#8220; column_direction=&#8220;default&#8220; column_direction_tablet=&#8220;default&#8220; column_direction_phone=&#8220;default&#8220; scene_position=&#8220;center&#8220; text_color=&#8220;dark&#8220; text_align=&#8220;left&#8220; row_border_radius=&#8220;none&#8220; row_border_radius_applies=&#8220;bg&#8220; overlay_strength=&#8220;0.3&#8243; gradient_direction=&#8220;left_to_right&#8220; shape_divider_position=&#8220;bottom&#8220; bg_image_animation=&#8220;none&#8220;][vc_column column_padding=&#8220;no-extra-padding&#8220; column_padding_tablet=&#8220;inherit&#8220; column_padding_phone=&#8220;inherit&#8220; column_padding_position=&#8220;all&#8220; background_color_opacity=&#8220;1&#8243; background_hover_color_opacity=&#8220;1&#8243; column_shadow=&#8220;none&#8220; column_border_radius=&#8220;none&#8220; column_link_target=&#8220;_self&#8220; gradient_direction=&#8220;left_to_right&#8220; overlay_strength=&#8220;0.3&#8243; width=&#8220;1\/1&#8243; tablet_width_inherit=&#8220;default&#8220; tablet_text_alignment=&#8220;default&#8220; phone_text_alignment=&#8220;default&#8220; column_border_width=&#8220;none&#8220; column_border_style=&#8220;solid&#8220; bg_image_animation=&#8220;none&#8220;][vc_column_text]\n<h5><span class=\"s1\">Wir verf\u00fcgen \u00fcber die Erfahrung, alle Prozesse und Aufgaben rund um Ihr Immobilien- oder Bau-Projekt f\u00fcr Sie zu begleiten \u2013 ab der ersten Projektidee.<\/span><\/h5>\n<ul>\n<li>\n<h5><span class=\"s1\">Machbarkeitsstudien<\/span><\/h5>\n<\/li>\n<li>\n<h5><span class=\"s1\">Planungsphase<\/span><\/h5>\n<\/li>\n<li>\n<h5><span class=\"s1\">Umsetzung der Bauprojekte<\/span><\/h5>\n<\/li>\n<li>\n<h5><span class=\"s1\">Nutzer-\/Mieterkoordination<\/span><\/h5>\n<\/li>\n<li>\n<h5><span class=\"s1\">Inbetriebnahme-Abnahme-\u00dcbergabe (IA\u00dc)-Prozess<\/span><\/h5>\n<\/li>\n<li>\n<h5><span class=\"s1\">Erstellung von Technischen Due-Diligences<\/span><\/h5>\n<\/li>\n<\/ul>\n<h5><span class=\"s1\">Unsere Kernkompetenzen finden sich im Leistungsbild der AHO-Fachkommission \u201eProjektsteuerung\/Projektmanagement\u201c mit den Projektstufen 1\u2009\u2013\u20095 und Handlungsbereichen A\u2009\u2013\u2009E:<\/span><\/h5>\n<ul>\n<li class=\"p3\">\n<h5><span class=\"s1\">Projektstufe 1: Projektvorbereitung<\/span><\/h5>\n<\/li>\n<li class=\"p3\">\n<h5><span class=\"s1\">Projektstufe 2: Planung<\/span><\/h5>\n<\/li>\n<li class=\"p3\">\n<h5><span class=\"s1\">Projektstufe 3: Ausf\u00fchrungsvorbereitung<\/span><\/h5>\n<\/li>\n<li class=\"p3\">\n<h5><span class=\"s1\">Projektstufe 4: Ausf\u00fchrung<\/span><\/h5>\n<\/li>\n<li class=\"p3\">\n<h5><span class=\"s1\">Projektstufe 5: Projektabschluss<\/span><\/h5>\n<\/li>\n<li class=\"p3\">\n<h5><span class=\"s1\">Handlungsbereich A: Organisation, Information, Koordination und Dokumentation<\/span><\/h5>\n<\/li>\n<li class=\"p3\">\n<h5><span class=\"s1\">Handlungsbereich B: Qualit\u00e4ten und Quantit\u00e4ten<\/span><\/h5>\n<\/li>\n<li class=\"p3\">\n<h5><span class=\"s1\">Handlungsbereich C: Kosten und Finanzierung<\/span><\/h5>\n<\/li>\n<li class=\"p3\">\n<h5><span class=\"s1\">Handlungsbereich D: Termine, Kapazit\u00e4ten und Logistik<\/span><\/h5>\n<\/li>\n<li class=\"p3\">\n<h5><span class=\"s1\">Handlungsbereich E: Vertr\u00e4ge und Versicherungen<\/span><\/h5>\n<\/li>\n<\/ul>\n<h5><span class=\"s1\">Wir sind Projektsteuerer, die f\u00fcr Sie auch die Projektleitung \u00fcbernehmen k\u00f6nnen.<\/span><\/h5>\n[\/vc_column_text][\/vc_column][\/vc_row]\n","protected":false},"excerpt":{"rendered":"<p>[vc_row type=&#8220;in_container&#8220; full_screen_row_position=&#8220;middle&#8220; column_margin=&#8220;default&#8220; column_direction=&#8220;default&#8220; column_direction_tablet=&#8220;default&#8220; column_direction_phone=&#8220;default&#8220; scene_position=&#8220;center&#8220; text_color=&#8220;dark&#8220; text_align=&#8220;left&#8220; row_border_radius=&#8220;none&#8220; row_border_radius_applies=&#8220;bg&#8220; overlay_strength=&#8220;0.3&#8243; gradient_direction=&#8220;left_to_right&#8220; shape_divider_position=&#8220;bottom&#8220; bg_image_animation=&#8220;none&#8220;][vc_column column_padding=&#8220;no-extra-padding&#8220; column_padding_tablet=&#8220;inherit&#8220; column_padding_phone=&#8220;inherit&#8220; column_padding_position=&#8220;all&#8220; background_color_opacity=&#8220;1&#8243; background_hover_color_opacity=&#8220;1&#8243; column_shadow=&#8220;none&#8220; column_border_radius=&#8220;none&#8220; column_link_target=&#8220;_self&#8220; gradient_direction=&#8220;left_to_right&#8220; overlay_strength=&#8220;0.3&#8243; width=&#8220;1\/1&#8243; tablet_width_inherit=&#8220;default&#8220; tablet_text_alignment=&#8220;default&#8220;&#8230;<\/p>\n","protected":false},"author":1,"featured_media":0,"parent":0,"menu_order":0,"comment_status":"closed","ping_status":"closed","template":"","meta":[],"_links":{"self":[{"href":"http:\/\/fhprojekte.de\/index.php?rest_route=\/wp\/v2\/pages\/21"}],"collection":[{"href":"http:\/\/fhprojekte.de\/index.php?rest_route=\/wp\/v2\/pages"}],"about":[{"href":"http:\/\/fhprojekte.de\/index.php?rest_route=\/wp\/v2\/types\/page"}],"author":[{"embeddable":true,"href":"http:\/\/fhprojekte.de\/index.php?rest_route=\/wp\/v2\/users\/1"}],"replies":[{"embeddable":true,"href":"http:\/\/fhprojekte.de\/index.php?rest_route=%2Fwp%2Fv2%2Fcomments&post=21"}],"version-history":[{"count":28,"href":"http:\/\/fhprojekte.de\/index.php?rest_route=\/wp\/v2\/pages\/21\/revisions"}],"predecessor-version":[{"id":310,"href":"http:\/\/fhprojekte.de\/index.php?rest_route=\/wp\/v2\/pages\/21\/revisions\/310"}],"wp:attachment":[{"href":"http:\/\/fhprojekte.de\/index.php?rest_route=%2Fwp%2Fv2%2Fmedia&parent=21"}],"curies":[{"name":"wp","href":"https:\/\/api.w.org\/{rel}","templated":true}]}}